{"id":180,"date":"2023-12-11T12:55:22","date_gmt":"2023-12-11T12:55:22","guid":{"rendered":"https:\/\/kadosch.com.br\/?page_id=180"},"modified":"2024-04-25T16:41:49","modified_gmt":"2024-04-25T16:41:49","slug":"front-page","status":"publish","type":"page","link":"https:\/\/kadosch.com.br\/","title":{"rendered":"Front Page"},"content":{"rendered":"\t\t<div data-elementor-type=\"wp-page\" data-elementor-id=\"180\" class=\"elementor elementor-180\" data-elementor-post-type=\"page\">\n\t\t\t\t<div class=\"elementor-element elementor-element-26513b0 e-con-full e-flex e-con e-parent\" data-id=\"26513b0\" data-element_type=\"container\">\n\t\t<div class=\"elementor-element elementor-element-ea85fe9 e-con-full e-flex e-con e-child\" data-id=\"ea85fe9\" data-element_type=\"container\" data-settings=\"{&quot;background_background&quot;:&quot;gradient&quot;}\">\n\t\t<div class=\"elementor-element elementor-element-4a02bc2 e-flex e-con-boxed e-con e-child\" data-id=\"4a02bc2\" data-element_type=\"container\">\n\t\t\t\t\t<div class=\"e-con-inner\">\n\t\t\t\t<div class=\"elementor-element elementor-element-d203c14 elementor-widget elementor-widget-image\" data-id=\"d203c14\" data-element_type=\"widget\" data-widget_type=\"image.default\">\n\t\t\t\t<div class=\"elementor-widget-container\">\n\t\t\t<style>\/*! elementor - v3.21.0 - 15-04-2024 *\/\n.elementor-widget-image{text-align:center}.elementor-widget-image a{display:inline-block}.elementor-widget-image a img[src$=\".svg\"]{width:48px}.elementor-widget-image img{vertical-align:middle;display:inline-block}<\/style>\t\t\t\t\t\t\t\t\t\t<img fetchpriority=\"high\" decoding=\"async\" width=\"914\" height=\"917\" src=\"https:\/\/kadosch.com.br\/wp-content\/uploads\/2023\/12\/sao-judas-tadeu-logo.webp\" class=\"elementor-animation-grow attachment-large size-large wp-image-209\" alt=\"\" srcset=\"https:\/\/kadosch.com.br\/wp-content\/uploads\/2023\/12\/sao-judas-tadeu-logo.webp 914w, https:\/\/kadosch.com.br\/wp-content\/uploads\/2023\/12\/sao-judas-tadeu-logo-300x300.webp 300w, https:\/\/kadosch.com.br\/wp-content\/uploads\/2023\/12\/sao-judas-tadeu-logo-150x150.webp 150w, https:\/\/kadosch.com.br\/wp-content\/uploads\/2023\/12\/sao-judas-tadeu-logo-768x771.webp 768w\" sizes=\"(max-width: 914px) 100vw, 914px\" \/>\t\t\t\t\t\t\t\t\t\t\t\t\t<\/div>\n\t\t\t\t<\/div>\n\t\t\t\t<div class=\"elementor-element elementor-element-155c131 elementor-widget elementor-widget-heading\" data-id=\"155c131\" data-element_type=\"widget\" data-widget_type=\"heading.default\">\n\t\t\t\t<div class=\"elementor-widget-container\">\n\t\t\t<style>\/*! elementor - v3.21.0 - 15-04-2024 *\/\n.elementor-heading-title{padding:0;margin:0;line-height:1}.elementor-widget-heading .elementor-heading-title[class*=elementor-size-]>a{color:inherit;font-size:inherit;line-height:inherit}.elementor-widget-heading .elementor-heading-title.elementor-size-small{font-size:15px}.elementor-widget-heading .elementor-heading-title.elementor-size-medium{font-size:19px}.elementor-widget-heading .elementor-heading-title.elementor-size-large{font-size:29px}.elementor-widget-heading .elementor-heading-title.elementor-size-xl{font-size:39px}.elementor-widget-heading .elementor-heading-title.elementor-size-xxl{font-size:59px}<\/style><h2 class=\"elementor-heading-title elementor-size-default\">S\u00e3o Judas Tadeu<\/h2>\t\t<\/div>\n\t\t\t\t<\/div>\n\t\t\t\t<div class=\"elementor-element elementor-element-cb7c401 elementor-widget__width-initial elementor-widget elementor-widget-text-editor\" data-id=\"cb7c401\" data-element_type=\"widget\" data-widget_type=\"text-editor.default\">\n\t\t\t\t<div class=\"elementor-widget-container\">\n\t\t\t<style>\/*! elementor - v3.21.0 - 15-04-2024 *\/\n.elementor-widget-text-editor.elementor-drop-cap-view-stacked .elementor-drop-cap{background-color:#69727d;color:#fff}.elementor-widget-text-editor.elementor-drop-cap-view-framed .elementor-drop-cap{color:#69727d;border:3px solid;background-color:transparent}.elementor-widget-text-editor:not(.elementor-drop-cap-view-default) .elementor-drop-cap{margin-top:8px}.elementor-widget-text-editor:not(.elementor-drop-cap-view-default) .elementor-drop-cap-letter{width:1em;height:1em}.elementor-widget-text-editor .elementor-drop-cap{float:left;text-align:center;line-height:1;font-size:50px}.elementor-widget-text-editor .elementor-drop-cap-letter{display:inline-block}<\/style>\t\t\t\t<p>Na Pousada S\u00e3o Judas Tadeu, temos su\u00edtes para todos, de econ\u00f4micas a isoladas, com conforto, limpeza e hospitalidade. Descubra diferen\u00e7as que fazem sua estadia \u00fanica e memor\u00e1vel, com seu conforto e satisfa\u00e7\u00e3o em primeiro lugar.<\/p>\t\t\t\t\t\t<\/div>\n\t\t\t\t<\/div>\n\t\t\t\t<div class=\"elementor-element elementor-element-1bfe6f8 elementor-align-center btn elementor-widget elementor-widget-button\" data-id=\"1bfe6f8\" data-element_type=\"widget\" data-widget_type=\"button.default\">\n\t\t\t\t<div class=\"elementor-widget-container\">\n\t\t\t\t\t<div class=\"elementor-button-wrapper\">\n\t\t\t<a class=\"elementor-button elementor-button-link elementor-size-sm\" href=\"https:\/\/saojudastadeu.gap.tur.br\/\" target=\"_blank\">\n\t\t\t\t\t\t<span class=\"elementor-button-content-wrapper\">\n\t\t\t\t\t\t<span class=\"elementor-button-icon elementor-align-icon-left\">\n\t\t\t\t<i aria-hidden=\"true\" class=\"fas fa-bed\"><\/i>\t\t\t<\/span>\n\t\t\t\t\t\t\t\t\t<span class=\"elementor-button-text\">Saiba mais<\/span>\n\t\t\t\t\t<\/span>\n\t\t\t\t\t<\/a>\n\t\t<\/div>\n\t\t\t\t<\/div>\n\t\t\t\t<\/div>\n\t\t\t\t<div class=\"elementor-element elementor-element-d80f6b9 elementor-widget elementor-widget-text-editor\" data-id=\"d80f6b9\" data-element_type=\"widget\" data-widget_type=\"text-editor.default\">\n\t\t\t\t<div class=\"elementor-widget-container\">\n\t\t\t\t\t\t\t<p>Hospede-se conosco<\/p>\t\t\t\t\t\t<\/div>\n\t\t\t\t<\/div>\n\t\t\t\t\t<\/div>\n\t\t\t\t<\/div>\n\t\t\t\t<\/div>\n\t\t<div class=\"elementor-element elementor-element-5d0d38a e-con-full e-flex e-con e-child\" data-id=\"5d0d38a\" data-element_type=\"container\" data-settings=\"{&quot;background_background&quot;:&quot;gradient&quot;}\">\n\t\t<div class=\"elementor-element elementor-element-5fbb7af e-flex e-con-boxed e-con e-child\" data-id=\"5fbb7af\" data-element_type=\"container\">\n\t\t\t\t\t<div class=\"e-con-inner\">\n\t\t\t\t<div class=\"elementor-element elementor-element-ad2e175 elementor-widget elementor-widget-image\" data-id=\"ad2e175\" data-element_type=\"widget\" data-widget_type=\"image.default\">\n\t\t\t\t<div class=\"elementor-widget-container\">\n\t\t\t\t\t\t\t\t\t\t\t\t\t<img decoding=\"async\" width=\"1024\" height=\"734\" src=\"https:\/\/kadosch.com.br\/wp-content\/uploads\/2023\/12\/logo_kadosch-1024x734.webp\" class=\"elementor-animation-grow attachment-large size-large wp-image-229\" alt=\"\" srcset=\"https:\/\/kadosch.com.br\/wp-content\/uploads\/2023\/12\/logo_kadosch-1024x734.webp 1024w, https:\/\/kadosch.com.br\/wp-content\/uploads\/2023\/12\/logo_kadosch-300x215.webp 300w, https:\/\/kadosch.com.br\/wp-content\/uploads\/2023\/12\/logo_kadosch-768x550.webp 768w, https:\/\/kadosch.com.br\/wp-content\/uploads\/2023\/12\/logo_kadosch-1536x1101.webp 1536w, https:\/\/kadosch.com.br\/wp-content\/uploads\/2023\/12\/logo_kadosch.webp 1920w\" sizes=\"(max-width: 1024px) 100vw, 1024px\" \/>\t\t\t\t\t\t\t\t\t\t\t\t\t<\/div>\n\t\t\t\t<\/div>\n\t\t\t\t<div class=\"elementor-element elementor-element-460bd16 elementor-widget elementor-widget-heading\" data-id=\"460bd16\" data-element_type=\"widget\" data-widget_type=\"heading.default\">\n\t\t\t\t<div class=\"elementor-widget-container\">\n\t\t\t<h2 class=\"elementor-heading-title elementor-size-default\">Viagens<\/h2>\t\t<\/div>\n\t\t\t\t<\/div>\n\t\t\t\t<div class=\"elementor-element elementor-element-7afeb52 elementor-widget__width-initial elementor-widget elementor-widget-text-editor\" data-id=\"7afeb52\" data-element_type=\"widget\" data-widget_type=\"text-editor.default\">\n\t\t\t\t<div class=\"elementor-widget-container\">\n\t\t\t\t\t\t\t<p>Nossa empresa \u00e9 especializada em turismo receptivo e atua em Aparecida, Cachoeira Paulista e Campos do Jord\u00e3o, proporcionando tamb\u00e9m servi\u00e7os para eventos corporativos. Conte conosco para experi\u00eancias de qualidade e atendimento personalizado<\/p>\t\t\t\t\t\t<\/div>\n\t\t\t\t<\/div>\n\t\t\t\t<div class=\"elementor-element elementor-element-3439641 elementor-align-center btn elementor-widget elementor-widget-button\" data-id=\"3439641\" data-element_type=\"widget\" data-widget_type=\"button.default\">\n\t\t\t\t<div class=\"elementor-widget-container\">\n\t\t\t\t\t<div class=\"elementor-button-wrapper\">\n\t\t\t<a class=\"elementor-button elementor-button-link elementor-size-sm\" href=\"https:\/\/kadosch.com.br\/turismo\" target=\"_blank\">\n\t\t\t\t\t\t<span class=\"elementor-button-content-wrapper\">\n\t\t\t\t\t\t<span class=\"elementor-button-icon elementor-align-icon-left\">\n\t\t\t\t<i aria-hidden=\"true\" class=\"fas fa-plane-departure\"><\/i>\t\t\t<\/span>\n\t\t\t\t\t\t\t\t\t<span class=\"elementor-button-text\">Saiba mais<\/span>\n\t\t\t\t\t<\/span>\n\t\t\t\t\t<\/a>\n\t\t<\/div>\n\t\t\t\t<\/div>\n\t\t\t\t<\/div>\n\t\t\t\t<div class=\"elementor-element elementor-element-ee23954 elementor-widget elementor-widget-text-editor\" data-id=\"ee23954\" data-element_type=\"widget\" data-widget_type=\"text-editor.default\">\n\t\t\t\t<div class=\"elementor-widget-container\">\n\t\t\t\t\t\t\t<p>Sua Viagem \u00e9 mais completa conosco<\/p>\t\t\t\t\t\t<\/div>\n\t\t\t\t<\/div>\n\t\t\t\t\t<\/div>\n\t\t\t\t<\/div>\n\t\t\t\t<\/div>\n\t\t<div class=\"elementor-element elementor-element-d0af438 e-con-full e-flex e-con e-child\" data-id=\"d0af438\" data-element_type=\"container\" data-settings=\"{&quot;background_background&quot;:&quot;gradient&quot;}\">\n\t\t<div class=\"elementor-element elementor-element-cee8cfc e-flex e-con-boxed e-con e-child\" data-id=\"cee8cfc\" data-element_type=\"container\">\n\t\t\t\t\t<div class=\"e-con-inner\">\n\t\t\t\t<div class=\"elementor-element elementor-element-91d64b1 elementor-widget elementor-widget-image\" data-id=\"91d64b1\" data-element_type=\"widget\" data-widget_type=\"image.default\">\n\t\t\t\t<div class=\"elementor-widget-container\">\n\t\t\t\t\t\t\t\t\t\t\t\t\t<img decoding=\"async\" width=\"1024\" height=\"1024\" src=\"https:\/\/kadosch.com.br\/wp-content\/uploads\/2024\/04\/kadosch-empreendimentos-1024x1024.png\" class=\"elementor-animation-grow attachment-large size-large wp-image-334\" alt=\"\" srcset=\"https:\/\/kadosch.com.br\/wp-content\/uploads\/2024\/04\/kadosch-empreendimentos-1024x1024.png 1024w, https:\/\/kadosch.com.br\/wp-content\/uploads\/2024\/04\/kadosch-empreendimentos-e1714063167654-150x150.png 150w\" sizes=\"(max-width: 1024px) 100vw, 1024px\" \/>\t\t\t\t\t\t\t\t\t\t\t\t\t<\/div>\n\t\t\t\t<\/div>\n\t\t\t\t<div class=\"elementor-element elementor-element-5f6c620 elementor-widget elementor-widget-heading\" data-id=\"5f6c620\" data-element_type=\"widget\" data-widget_type=\"heading.default\">\n\t\t\t\t<div class=\"elementor-widget-container\">\n\t\t\t<h2 class=\"elementor-heading-title elementor-size-default\">Empreendimento<\/h2>\t\t<\/div>\n\t\t\t\t<\/div>\n\t\t\t\t<div class=\"elementor-element elementor-element-feb1166 elementor-widget__width-initial elementor-widget elementor-widget-text-editor\" data-id=\"feb1166\" data-element_type=\"widget\" data-widget_type=\"text-editor.default\">\n\t\t\t\t<div class=\"elementor-widget-container\">\n\t\t\t\t\t\t\t<p>Em um mundo em constante evolu\u00e7\u00e3o, encontrar um lar perfeito \u00e9 uma busca que merece toda a aten\u00e7\u00e3o e cuidado.\u00a0 Entendemos a import\u00e2ncia de criar lares onde mem\u00f3rias duradouras s\u00e3o constru\u00eddas, e estamos aqui para ajud\u00e1-lo nessa jornada emocionante<\/p>\t\t\t\t\t\t<\/div>\n\t\t\t\t<\/div>\n\t\t\t\t<div class=\"elementor-element elementor-element-06963b4 elementor-align-center btn elementor-widget elementor-widget-button\" data-id=\"06963b4\" data-element_type=\"widget\" data-widget_type=\"button.default\">\n\t\t\t\t<div class=\"elementor-widget-container\">\n\t\t\t\t\t<div class=\"elementor-button-wrapper\">\n\t\t\t<a class=\"elementor-button elementor-button-link elementor-size-sm\" href=\"https:\/\/kadosch.com.br\/empreendimentos\" target=\"_blank\">\n\t\t\t\t\t\t<span class=\"elementor-button-content-wrapper\">\n\t\t\t\t\t\t<span class=\"elementor-button-icon elementor-align-icon-left\">\n\t\t\t\t<i aria-hidden=\"true\" class=\"fas fa-home\"><\/i>\t\t\t<\/span>\n\t\t\t\t\t\t\t\t\t<span class=\"elementor-button-text\">Saiba mais<\/span>\n\t\t\t\t\t<\/span>\n\t\t\t\t\t<\/a>\n\t\t<\/div>\n\t\t\t\t<\/div>\n\t\t\t\t<\/div>\n\t\t\t\t<div class=\"elementor-element elementor-element-a600deb elementor-widget elementor-widget-text-editor\" data-id=\"a600deb\" data-element_type=\"widget\" data-widget_type=\"text-editor.default\">\n\t\t\t\t<div class=\"elementor-widget-container\">\n\t\t\t\t\t\t\t<p>Empreendimentos imobili\u00e1rios<\/p>\t\t\t\t\t\t<\/div>\n\t\t\t\t<\/div>\n\t\t\t\t\t<\/div>\n\t\t\t\t<\/div>\n\t\t\t\t<\/div>\n\t\t\t\t<\/div>\n\t\t\t\t<\/div>\n\t\t","protected":false},"excerpt":{"rendered":"<p>S\u00e3o Judas Tadeu Na Pousada S\u00e3o Judas Tadeu, temos su\u00edtes para todos, de econ\u00f4micas a isoladas, com conforto, limpeza e hospitalidade. Descubra diferen\u00e7as que fazem sua estadia \u00fanica e memor\u00e1vel, com seu conforto e satisfa\u00e7\u00e3o em primeiro lugar. Saiba mais Hospede-se conosco Viagens Nossa empresa \u00e9 especializada em turismo receptivo e atua em Aparecida, Cachoeira [&hellip;]<\/p>\n","protected":false},"author":1,"featured_media":0,"parent":0,"menu_order":0,"comment_status":"closed","ping_status":"closed","template":"","meta":{"site-sidebar-layout":"no-sidebar","site-content-layout":"","ast-site-content-layout":"full-width-container","site-content-style":"default","site-sidebar-style":"default","ast-global-header-display":"","ast-banner-title-visibility":"","ast-main-header-display":"","ast-hfb-above-header-display":"","ast-hfb-below-header-display":"","ast-hfb-mobile-header-display":"","site-post-title":"disabled","ast-breadcrumbs-content":"","ast-featured-img":"disabled","footer-sml-layout":"","theme-transparent-header-meta":"","adv-header-id-meta":"","stick-header-meta":"","header-above-stick-meta":"","header-main-stick-meta":"","header-below-stick-meta":"","astra-migrate-meta-layouts":"default","ast-page-background-enabled":"default","ast-page-background-meta":{"desktop":{"background-color":"var(--ast-global-color-4)","background-image":"","background-repeat":"repeat","background-position":"center center","background-size":"auto","background-attachment":"scroll","background-type":"","background-media":"","overlay-type":"","overlay-color":"","overlay-gradient":""},"tablet":{"background-color":"","background-image":"","background-repeat":"repeat","background-position":"center center","background-size":"auto","background-attachment":"scroll","background-type":"","background-media":"","overlay-type":"","overlay-color":"","overlay-gradient":""},"mobile":{"background-color":"","background-image":"","background-repeat":"repeat","background-position":"center center","background-size":"auto","background-attachment":"scroll","background-type":"","background-media":"","overlay-type":"","overlay-color":"","overlay-gradient":""}},"ast-content-background-meta":{"desktop":{"background-color":"var(--ast-global-color-5)","background-image":"","background-repeat":"repeat","background-position":"center center","background-size":"auto","background-attachment":"scroll","background-type":"","background-media":"","overlay-type":"","overlay-color":"","overlay-gradient":""},"tablet":{"background-color":"var(--ast-global-color-5)","background-image":"","background-repeat":"repeat","background-position":"center center","background-size":"auto","background-attachment":"scroll","background-type":"","background-media":"","overlay-type":"","overlay-color":"","overlay-gradient":""},"mobile":{"background-color":"var(--ast-global-color-5)","background-image":"","background-repeat":"repeat","background-position":"center center","background-size":"auto","background-attachment":"scroll","background-type":"","background-media":"","overlay-type":"","overlay-color":"","overlay-gradient":""}},"footnotes":""},"class_list":["post-180","page","type-page","status-publish","hentry"],"_links":{"self":[{"href":"https:\/\/kadosch.com.br\/index.php\/wp-json\/wp\/v2\/pages\/180","targetHints":{"allow":["GET"]}}],"collection":[{"href":"https:\/\/kadosch.com.br\/index.php\/wp-json\/wp\/v2\/pages"}],"about":[{"href":"https:\/\/kadosch.com.br\/index.php\/wp-json\/wp\/v2\/types\/page"}],"author":[{"embeddable":true,"href":"https:\/\/kadosch.com.br\/index.php\/wp-json\/wp\/v2\/users\/1"}],"replies":[{"embeddable":true,"href":"https:\/\/kadosch.com.br\/index.php\/wp-json\/wp\/v2\/comments?post=180"}],"version-history":[{"count":115,"href":"https:\/\/kadosch.com.br\/index.php\/wp-json\/wp\/v2\/pages\/180\/revisions"}],"predecessor-version":[{"id":350,"href":"https:\/\/kadosch.com.br\/index.php\/wp-json\/wp\/v2\/pages\/180\/revisions\/350"}],"wp:attachment":[{"href":"https:\/\/kadosch.com.br\/index.php\/wp-json\/wp\/v2\/media?parent=180"}],"curies":[{"name":"wp","href":"https:\/\/api.w.org\/{rel}","templated":true}]}}